{"id":697,"date":"2025-03-24T20:44:49","date_gmt":"2025-03-24T19:44:49","guid":{"rendered":"https:\/\/justebelle.shop\/?post_type=product&#038;p=697"},"modified":"2025-03-24T23:23:31","modified_gmt":"2025-03-24T22:23:31","slug":"fond-de-teint-almay-140","status":"publish","type":"product","link":"https:\/\/justebelle.shop\/index.php\/product\/fond-de-teint-almay-140\/","title":{"rendered":"\ud83c\udf1f Fond de Teint Hydratant Almay Best Blend Forever Beige 140 \u2013 Couvrance L\u00e9g\u00e8re et \u00c9clat Naturel"},"content":{"rendered":"<h3 class=\"\" data-start=\"181\" data-end=\"272\">\ud83c\udf1f Fond de Teint Hydratant Almay Best Blend Forever \u2013 Couvrance L\u00e9g\u00e8re et \u00c9clat Naturel<\/h3>\n<p class=\"\" data-start=\"274\" data-end=\"500\">D\u00e9couvrez le <strong data-start=\"287\" data-end=\"329\">fond de teint Almay Best Blend Forever<\/strong>, votre nouvel alli\u00e9 beaut\u00e9 au quotidien. Ce produit 2-en-1 unique combine <strong data-start=\"404\" data-end=\"436\">maquillage et soin hydratant<\/strong>, pour un teint frais, lumineux et confortable toute la journ\u00e9e.<\/p>\n<p class=\"\" data-start=\"502\" data-end=\"642\">\ud83d\udca7 <strong data-start=\"505\" data-end=\"533\">Hydratation longue dur\u00e9e<\/strong> : enrichi en agents hydratants, ce fond de teint prend soin de votre peau et l\u2019hydrate jusqu\u2019\u00e0 <strong data-start=\"629\" data-end=\"641\">8 heures<\/strong>.<\/p>\n<p class=\"\" data-start=\"644\" data-end=\"805\">\u2728 <strong data-start=\"646\" data-end=\"669\">Couvrance modulable<\/strong> : sa texture l\u00e9g\u00e8re permet d\u2019ajuster la couvrance selon vos envies, tout en laissant respirer la peau pour un fini naturel et \u00e9clatant.<\/p>\n<p class=\"\" data-start=\"807\" data-end=\"968\">\u2600\ufe0f <strong data-start=\"810\" data-end=\"841\">Protection solaire int\u00e9gr\u00e9e<\/strong> : gr\u00e2ce \u00e0 son <strong data-start=\"856\" data-end=\"882\">SPF 45 \u00e0 large spectre<\/strong>, il prot\u00e8ge efficacement votre visage contre les effets n\u00e9fastes du soleil (UVA\/UVB).<\/p>\n<p class=\"\" data-start=\"970\" data-end=\"1112\">\ud83d\udc84 <strong data-start=\"973\" data-end=\"1015\">R\u00e9sultat professionnel, confort absolu<\/strong> : facile \u00e0 appliquer, il se fond parfaitement au teint pour une peau sublim\u00e9e sans effet masque.<\/p>\n","protected":false},"excerpt":{"rendered":"<ul>\n<li><strong data-start=\"132\" data-end=\"203\">Fond de teint cr\u00e8me Almay Best Blend Forever \u2013 Hydratant &amp; lumineux<\/strong><br data-start=\"203\" data-end=\"206\" \/>Convient \u00e0 tous les types de peau, ce fond de teint l\u00e9ger offre une couvrance modulable et un fini lumineux. Formule hydratante jusqu&rsquo;\u00e0 8h, avec protection solaire SPF 45. Id\u00e9al pour un teint naturel et \u00e9clatant au quotidien.<\/li>\n<\/ul>\n","protected":false},"featured_media":707,"comment_status":"open","ping_status":"closed","template":"","meta":{"_bst_post_transparent":"default","_bst_post_title":"","_bst_post_layout":"default","_bst_post_sidebar_id":"","_bst_post_content_style":"default","_bst_post_vertical_padding":"default","_bst_post_feature":"","_bst_post_feature_position":"","_bst_post_header":false,"_bst_post_footer":false},"product_brand":[],"product_cat":[69,72,46,47,53,55,57,62],"product_tag":[],"product_brands":[],"class_list":{"0":"post-697","1":"product","2":"type-product","3":"status-publish","4":"has-post-thumbnail","6":"product_cat-botanicals","7":"product_cat-cold-creams","8":"product_cat-concealer","9":"product_cat-cosmeceutical","10":"product_cat-massage-creams","11":"product_cat-night-creams","12":"product_cat-our-store","13":"product_cat-skin-brightening","15":"first","16":"instock","17":"shipping-taxable","18":"product-type-external","19":"entry","20":"content-bg","21":"loop-entry"},"_links":{"self":[{"href":"https:\/\/justebelle.shop\/index.php\/wp-json\/wp\/v2\/product\/697","targetHints":{"allow":["GET"]}}],"collection":[{"href":"https:\/\/justebelle.shop\/index.php\/wp-json\/wp\/v2\/product"}],"about":[{"href":"https:\/\/justebelle.shop\/index.php\/wp-json\/wp\/v2\/types\/product"}],"replies":[{"embeddable":true,"href":"https:\/\/justebelle.shop\/index.php\/wp-json\/wp\/v2\/comments?post=697"}],"wp:featuredmedia":[{"embeddable":true,"href":"https:\/\/justebelle.shop\/index.php\/wp-json\/wp\/v2\/media\/707"}],"wp:attachment":[{"href":"https:\/\/justebelle.shop\/index.php\/wp-json\/wp\/v2\/media?parent=697"}],"wp:term":[{"taxonomy":"product_brand","embeddable":true,"href":"https:\/\/justebelle.shop\/index.php\/wp-json\/wp\/v2\/product_brand?post=697"},{"taxonomy":"product_cat","embeddable":true,"href":"https:\/\/justebelle.shop\/index.php\/wp-json\/wp\/v2\/product_cat?post=697"},{"taxonomy":"product_tag","embeddable":true,"href":"https:\/\/justebelle.shop\/index.php\/wp-json\/wp\/v2\/product_tag?post=697"},{"taxonomy":"product_brands","embeddable":true,"href":"https:\/\/justebelle.shop\/index.php\/wp-json\/wp\/v2\/product_brands?post=697"}],"curies":[{"name":"wp","href":"https:\/\/api.w.org\/{rel}","templated":true}]}}